{"id":2,"date":"2022-11-06T08:59:36","date_gmt":"2022-11-06T07:59:36","guid":{"rendered":"http:\/\/latelierdesrevesxmbois.fr\/?page_id=2"},"modified":"2023-04-28T18:38:59","modified_gmt":"2023-04-28T16:38:59","slug":"latelier-des-reves","status":"publish","type":"page","link":"https:\/\/latelierdesrevesxmbois.fr\/index.php\/latelier-des-reves\/","title":{"rendered":"Pourquoi l\u2019atelier des r\u00eaves ?"},"content":{"rendered":"\n<p>Il y a quelques mois, ma meilleure amie m\u2019a offert une plaque en m\u00e9tal qui tr\u00f4ne fi\u00e8rement dans mon atelier o\u00f9 il y a inscrit \u00ab&nbsp;l\u2019atelier des r\u00eaves&nbsp;\u00bb.<\/p>\n\n\n\n<p>Aussi parce qu\u2019aujourd\u2019hui, \u00e0 50 ans,&nbsp; je m\u2019autorise \u00e0 r\u00eaver \u00e0 une vie diff\u00e9rente autour du bois.<\/p>\n\n\n\n<p><em><strong>Les seules limites sont celles que l\u2019on se donne.<\/strong><\/em><\/p>\n\n\n\n<p>Laissez libre cours \u00e0 votre imagination.<\/p>\n\n\n\n<p>Accordez vous une part de r\u00eave.<\/p>\n\n\n\n<p>Je serai ravi d\u2019y associer une r\u00e9alisation.<\/p>\n\n\n\n<div class=\"wp-block-columns is-layout-flex wp-container-core-columns-is-layout-9d6595d7 wp-block-columns-is-layout-flex\">\n<div class=\"wp-block-column is-layout-flow wp-block-column-is-layout-flow\">\n<figure class=\"wp-block-image size-full\"><img loading=\"lazy\" decoding=\"async\" width=\"635\" height=\"825\" src=\"https:\/\/latelierdesrevesxmbois.fr\/wp-content\/uploads\/2022\/11\/tournage-1.jpg\" alt=\"\" class=\"wp-image-35\" srcset=\"https:\/\/latelierdesrevesxmbois.fr\/wp-content\/uploads\/2022\/11\/tournage-1.jpg 635w, https:\/\/latelierdesrevesxmbois.fr\/wp-content\/uploads\/2022\/11\/tournage-1-231x300.jpg 231w\" sizes=\"auto, (max-width: 635px) 100vw, 635px\" \/><\/figure>\n<\/div>\n\n\n\n<div class=\"wp-block-column is-layout-flow wp-block-column-is-layout-flow\">\n<figure class=\"wp-block-image size-large\"><img loading=\"lazy\" decoding=\"async\" width=\"1024\" height=\"768\" src=\"https:\/\/latelierdesrevesxmbois.fr\/wp-content\/uploads\/2022\/11\/image-241-1024x768.jpg\" alt=\"\" class=\"wp-image-152\" srcset=\"https:\/\/latelierdesrevesxmbois.fr\/wp-content\/uploads\/2022\/11\/image-241-1024x768.jpg 1024w, https:\/\/latelierdesrevesxmbois.fr\/wp-content\/uploads\/2022\/11\/image-241-300x225.jpg 300w, https:\/\/latelierdesrevesxmbois.fr\/wp-content\/uploads\/2022\/11\/image-241-768x576.jpg 768w, https:\/\/latelierdesrevesxmbois.fr\/wp-content\/uploads\/2022\/11\/image-241-1536x1152.jpg 1536w, https:\/\/latelierdesrevesxmbois.fr\/wp-content\/uploads\/2022\/11\/image-241-400x300.jpg 400w, https:\/\/latelierdesrevesxmbois.fr\/wp-content\/uploads\/2022\/11\/image-241.jpg 1920w\" sizes=\"auto, (max-width: 1024px) 100vw, 1024px\" \/><\/figure>\n<\/div>\n\n\n\n<div class=\"wp-block-column is-layout-flow wp-block-column-is-layout-flow\">\n<figure class=\"wp-block-image size-full\"><img loading=\"lazy\" decoding=\"async\" width=\"574\" height=\"980\" src=\"https:\/\/latelierdesrevesxmbois.fr\/wp-content\/uploads\/2022\/11\/agencement-1.jpg\" alt=\"\" class=\"wp-image-37\" srcset=\"https:\/\/latelierdesrevesxmbois.fr\/wp-content\/uploads\/2022\/11\/agencement-1.jpg 574w, https:\/\/latelierdesrevesxmbois.fr\/wp-content\/uploads\/2022\/11\/agencement-1-176x300.jpg 176w\" sizes=\"auto, (max-width: 574px) 100vw, 574px\" \/><\/figure>\n<\/div>\n<\/div>\n\n\n\n<pre class=\"wp-block-code\"><code><\/code><\/pre>\n","protected":false},"excerpt":{"rendered":"<p>Il y a quelques mois, ma meilleure amie m\u2019a offert une plaque en m\u00e9tal qui tr\u00f4ne fi\u00e8rement dans mon atelier o\u00f9 il y a inscrit &hellip;<\/p>\n","protected":false},"author":1,"featured_media":0,"parent":0,"menu_order":1,"comment_status":"closed","ping_status":"open","template":"","meta":{"footnotes":""},"class_list":["post-2","page","type-page","status-publish","hentry"],"yoast_head":"<!-- This site is optimized with the Yoast SEO plugin v25.0 - https:\/\/yoast.com\/wordpress\/plugins\/seo\/ -->\n<title>Pourquoi l\u2019atelier des r\u00eaves ? - L&#039;atelier des r\u00eaves de XMBois<\/title>\n<meta name=\"description\" content=\"Eb\u00e9nisterie, tournage sur bois, objets divers en bois. Vous r\u00eavez d&#039;un article en bois, alors ne vous privez plus.\" \/>\n<meta name=\"robots\" content=\"index, follow, max-snippet:-1, max-image-preview:large, max-video-preview:-1\" \/>\n<link rel=\"canonical\" href=\"https:\/\/latelierdesrevesxmbois.fr\/index.php\/latelier-des-reves\/\" \/>\n<meta property=\"og:locale\" content=\"fr_FR\" \/>\n<meta property=\"og:type\" content=\"article\" \/>\n<meta property=\"og:title\" content=\"Pourquoi l\u2019atelier des r\u00eaves ? - L&#039;atelier des r\u00eaves de XMBois\" \/>\n<meta property=\"og:description\" content=\"Eb\u00e9nisterie, tournage sur bois, objets divers en bois. Vous r\u00eavez d&#039;un article en bois, alors ne vous privez plus.\" \/>\n<meta property=\"og:url\" content=\"https:\/\/latelierdesrevesxmbois.fr\/index.php\/latelier-des-reves\/\" \/>\n<meta property=\"og:site_name\" content=\"L&#039;atelier des r\u00eaves de XMBois\" \/>\n<meta property=\"article:modified_time\" content=\"2023-04-28T16:38:59+00:00\" \/>\n<meta property=\"og:image\" content=\"http:\/\/latelierdesrevesxmbois.fr\/wp-content\/uploads\/2022\/11\/tournage-1.jpg\" \/>\n<meta name=\"twitter:card\" content=\"summary_large_image\" \/>\n<meta name=\"twitter:label1\" content=\"Dur\u00e9e de lecture estim\u00e9e\" \/>\n\t<meta name=\"twitter:data1\" content=\"1 minute\" \/>\n<script type=\"application\/ld+json\" class=\"yoast-schema-graph\">{\"@context\":\"https:\/\/schema.org\",\"@graph\":[{\"@type\":\"WebPage\",\"@id\":\"https:\/\/latelierdesrevesxmbois.fr\/index.php\/latelier-des-reves\/\",\"url\":\"https:\/\/latelierdesrevesxmbois.fr\/index.php\/latelier-des-reves\/\",\"name\":\"Pourquoi l\u2019atelier des r\u00eaves ? - L&#039;atelier des r\u00eaves de XMBois\",\"isPartOf\":{\"@id\":\"https:\/\/latelierdesrevesxmbois.fr\/#website\"},\"primaryImageOfPage\":{\"@id\":\"https:\/\/latelierdesrevesxmbois.fr\/index.php\/latelier-des-reves\/#primaryimage\"},\"image\":{\"@id\":\"https:\/\/latelierdesrevesxmbois.fr\/index.php\/latelier-des-reves\/#primaryimage\"},\"thumbnailUrl\":\"http:\/\/latelierdesrevesxmbois.fr\/wp-content\/uploads\/2022\/11\/tournage-1.jpg\",\"datePublished\":\"2022-11-06T07:59:36+00:00\",\"dateModified\":\"2023-04-28T16:38:59+00:00\",\"description\":\"Eb\u00e9nisterie, tournage sur bois, objets divers en bois. Vous r\u00eavez d'un article en bois, alors ne vous privez plus.\",\"breadcrumb\":{\"@id\":\"https:\/\/latelierdesrevesxmbois.fr\/index.php\/latelier-des-reves\/#breadcrumb\"},\"inLanguage\":\"fr-FR\",\"potentialAction\":[{\"@type\":\"ReadAction\",\"target\":[\"https:\/\/latelierdesrevesxmbois.fr\/index.php\/latelier-des-reves\/\"]}]},{\"@type\":\"ImageObject\",\"inLanguage\":\"fr-FR\",\"@id\":\"https:\/\/latelierdesrevesxmbois.fr\/index.php\/latelier-des-reves\/#primaryimage\",\"url\":\"http:\/\/latelierdesrevesxmbois.fr\/wp-content\/uploads\/2022\/11\/tournage-1.jpg\",\"contentUrl\":\"http:\/\/latelierdesrevesxmbois.fr\/wp-content\/uploads\/2022\/11\/tournage-1.jpg\"},{\"@type\":\"BreadcrumbList\",\"@id\":\"https:\/\/latelierdesrevesxmbois.fr\/index.php\/latelier-des-reves\/#breadcrumb\",\"itemListElement\":[{\"@type\":\"ListItem\",\"position\":1,\"name\":\"Accueil\",\"item\":\"https:\/\/latelierdesrevesxmbois.fr\/\"},{\"@type\":\"ListItem\",\"position\":2,\"name\":\"Pourquoi l\u2019atelier des r\u00eaves ?\"}]},{\"@type\":\"WebSite\",\"@id\":\"https:\/\/latelierdesrevesxmbois.fr\/#website\",\"url\":\"https:\/\/latelierdesrevesxmbois.fr\/\",\"name\":\"L'atelier des r\u00eaves de XMBois\",\"description\":\"Le bois, bien plus qu&#039;une envie : une passion\",\"publisher\":{\"@id\":\"https:\/\/latelierdesrevesxmbois.fr\/#organization\"},\"potentialAction\":[{\"@type\":\"SearchAction\",\"target\":{\"@type\":\"EntryPoint\",\"urlTemplate\":\"https:\/\/latelierdesrevesxmbois.fr\/?s={search_term_string}\"},\"query-input\":{\"@type\":\"PropertyValueSpecification\",\"valueRequired\":true,\"valueName\":\"search_term_string\"}}],\"inLanguage\":\"fr-FR\"},{\"@type\":\"Organization\",\"@id\":\"https:\/\/latelierdesrevesxmbois.fr\/#organization\",\"name\":\"L'atelier des r\u00eaves de XMBois\",\"url\":\"https:\/\/latelierdesrevesxmbois.fr\/\",\"logo\":{\"@type\":\"ImageObject\",\"inLanguage\":\"fr-FR\",\"@id\":\"https:\/\/latelierdesrevesxmbois.fr\/#\/schema\/logo\/image\/\",\"url\":\"https:\/\/latelierdesrevesxmbois.fr\/wp-content\/uploads\/2022\/11\/cropped-L-atelier-des-reves1.png\",\"contentUrl\":\"https:\/\/latelierdesrevesxmbois.fr\/wp-content\/uploads\/2022\/11\/cropped-L-atelier-des-reves1.png\",\"width\":435,\"height\":187,\"caption\":\"L'atelier des r\u00eaves de XMBois\"},\"image\":{\"@id\":\"https:\/\/latelierdesrevesxmbois.fr\/#\/schema\/logo\/image\/\"}}]}<\/script>\n<!-- \/ Yoast SEO plugin. -->","yoast_head_json":{"title":"Pourquoi l\u2019atelier des r\u00eaves ? - L&#039;atelier des r\u00eaves de XMBois","description":"Eb\u00e9nisterie, tournage sur bois, objets divers en bois. Vous r\u00eavez d'un article en bois, alors ne vous privez plus.","robots":{"index":"index","follow":"follow","max-snippet":"max-snippet:-1","max-image-preview":"max-image-preview:large","max-video-preview":"max-video-preview:-1"},"canonical":"https:\/\/latelierdesrevesxmbois.fr\/index.php\/latelier-des-reves\/","og_locale":"fr_FR","og_type":"article","og_title":"Pourquoi l\u2019atelier des r\u00eaves ? - L&#039;atelier des r\u00eaves de XMBois","og_description":"Eb\u00e9nisterie, tournage sur bois, objets divers en bois. Vous r\u00eavez d'un article en bois, alors ne vous privez plus.","og_url":"https:\/\/latelierdesrevesxmbois.fr\/index.php\/latelier-des-reves\/","og_site_name":"L&#039;atelier des r\u00eaves de XMBois","article_modified_time":"2023-04-28T16:38:59+00:00","og_image":[{"url":"http:\/\/latelierdesrevesxmbois.fr\/wp-content\/uploads\/2022\/11\/tournage-1.jpg","type":"","width":"","height":""}],"twitter_card":"summary_large_image","twitter_misc":{"Dur\u00e9e de lecture estim\u00e9e":"1 minute"},"schema":{"@context":"https:\/\/schema.org","@graph":[{"@type":"WebPage","@id":"https:\/\/latelierdesrevesxmbois.fr\/index.php\/latelier-des-reves\/","url":"https:\/\/latelierdesrevesxmbois.fr\/index.php\/latelier-des-reves\/","name":"Pourquoi l\u2019atelier des r\u00eaves ? - L&#039;atelier des r\u00eaves de XMBois","isPartOf":{"@id":"https:\/\/latelierdesrevesxmbois.fr\/#website"},"primaryImageOfPage":{"@id":"https:\/\/latelierdesrevesxmbois.fr\/index.php\/latelier-des-reves\/#primaryimage"},"image":{"@id":"https:\/\/latelierdesrevesxmbois.fr\/index.php\/latelier-des-reves\/#primaryimage"},"thumbnailUrl":"http:\/\/latelierdesrevesxmbois.fr\/wp-content\/uploads\/2022\/11\/tournage-1.jpg","datePublished":"2022-11-06T07:59:36+00:00","dateModified":"2023-04-28T16:38:59+00:00","description":"Eb\u00e9nisterie, tournage sur bois, objets divers en bois. Vous r\u00eavez d'un article en bois, alors ne vous privez plus.","breadcrumb":{"@id":"https:\/\/latelierdesrevesxmbois.fr\/index.php\/latelier-des-reves\/#breadcrumb"},"inLanguage":"fr-FR","potentialAction":[{"@type":"ReadAction","target":["https:\/\/latelierdesrevesxmbois.fr\/index.php\/latelier-des-reves\/"]}]},{"@type":"ImageObject","inLanguage":"fr-FR","@id":"https:\/\/latelierdesrevesxmbois.fr\/index.php\/latelier-des-reves\/#primaryimage","url":"http:\/\/latelierdesrevesxmbois.fr\/wp-content\/uploads\/2022\/11\/tournage-1.jpg","contentUrl":"http:\/\/latelierdesrevesxmbois.fr\/wp-content\/uploads\/2022\/11\/tournage-1.jpg"},{"@type":"BreadcrumbList","@id":"https:\/\/latelierdesrevesxmbois.fr\/index.php\/latelier-des-reves\/#breadcrumb","itemListElement":[{"@type":"ListItem","position":1,"name":"Accueil","item":"https:\/\/latelierdesrevesxmbois.fr\/"},{"@type":"ListItem","position":2,"name":"Pourquoi l\u2019atelier des r\u00eaves ?"}]},{"@type":"WebSite","@id":"https:\/\/latelierdesrevesxmbois.fr\/#website","url":"https:\/\/latelierdesrevesxmbois.fr\/","name":"L'atelier des r\u00eaves de XMBois","description":"Le bois, bien plus qu&#039;une envie : une passion","publisher":{"@id":"https:\/\/latelierdesrevesxmbois.fr\/#organization"},"potentialAction":[{"@type":"SearchAction","target":{"@type":"EntryPoint","urlTemplate":"https:\/\/latelierdesrevesxmbois.fr\/?s={search_term_string}"},"query-input":{"@type":"PropertyValueSpecification","valueRequired":true,"valueName":"search_term_string"}}],"inLanguage":"fr-FR"},{"@type":"Organization","@id":"https:\/\/latelierdesrevesxmbois.fr\/#organization","name":"L'atelier des r\u00eaves de XMBois","url":"https:\/\/latelierdesrevesxmbois.fr\/","logo":{"@type":"ImageObject","inLanguage":"fr-FR","@id":"https:\/\/latelierdesrevesxmbois.fr\/#\/schema\/logo\/image\/","url":"https:\/\/latelierdesrevesxmbois.fr\/wp-content\/uploads\/2022\/11\/cropped-L-atelier-des-reves1.png","contentUrl":"https:\/\/latelierdesrevesxmbois.fr\/wp-content\/uploads\/2022\/11\/cropped-L-atelier-des-reves1.png","width":435,"height":187,"caption":"L'atelier des r\u00eaves de XMBois"},"image":{"@id":"https:\/\/latelierdesrevesxmbois.fr\/#\/schema\/logo\/image\/"}}]}},"_links":{"self":[{"href":"https:\/\/latelierdesrevesxmbois.fr\/index.php\/wp-json\/wp\/v2\/pages\/2","targetHints":{"allow":["GET"]}}],"collection":[{"href":"https:\/\/latelierdesrevesxmbois.fr\/index.php\/wp-json\/wp\/v2\/pages"}],"about":[{"href":"https:\/\/latelierdesrevesxmbois.fr\/index.php\/wp-json\/wp\/v2\/types\/page"}],"author":[{"embeddable":true,"href":"https:\/\/latelierdesrevesxmbois.fr\/index.php\/wp-json\/wp\/v2\/users\/1"}],"replies":[{"embeddable":true,"href":"https:\/\/latelierdesrevesxmbois.fr\/index.php\/wp-json\/wp\/v2\/comments?post=2"}],"version-history":[{"count":10,"href":"https:\/\/latelierdesrevesxmbois.fr\/index.php\/wp-json\/wp\/v2\/pages\/2\/revisions"}],"predecessor-version":[{"id":242,"href":"https:\/\/latelierdesrevesxmbois.fr\/index.php\/wp-json\/wp\/v2\/pages\/2\/revisions\/242"}],"wp:attachment":[{"href":"https:\/\/latelierdesrevesxmbois.fr\/index.php\/wp-json\/wp\/v2\/media?parent=2"}],"curies":[{"name":"wp","href":"https:\/\/api.w.org\/{rel}","templated":true}]}}