{"id":42,"date":"2022-11-06T11:50:37","date_gmt":"2022-11-06T10:50:37","guid":{"rendered":"http:\/\/latelierdesrevesxmbois.fr\/?page_id=42"},"modified":"2024-05-20T16:58:54","modified_gmt":"2024-05-20T14:58:54","slug":"xavier-martin-ebeniste","status":"publish","type":"page","link":"https:\/\/latelierdesrevesxmbois.fr\/","title":{"rendered":"Qui suis-je?"},"content":{"rendered":"\n<h2 class=\"wp-block-heading\">Xavier Martin, \u00e9b\u00e9niste<\/h2>\n\n\n\n<p>Autodidacte passionn\u00e9 par le travail du bois, j\u2019aime penser et cr\u00e9er toutes sortes de r\u00e9alisations.<\/p>\n\n\n\n<p>Cr\u00e9er du mobilier, des objets utiles et ou simplement de d\u00e9coration au go\u00fbt de chacun, chacune me donne \u00e9norm\u00e9ment de plaisir.<\/p>\n\n\n\n<p><\/p>\n\n\n\n<p>Marier les essences, les couleurs, les textures\u2026les solutions sont infinies autour du bois.<\/p>\n\n\n\n<p><\/p>\n\n\n\n<p>Afin d\u2019apprendre encore et d\u2019ouvrir d\u2019autres perspectives, j\u2019ai suivi (et continue \u00e0 suivre) des formations de tournage au sein de l\u2019\u00e9cole Jean Fran\u00e7ois Escoulen \u00e0 Aiguines. <\/p>\n\n\n\n<p>Quel plaisir et quel bonheur de d\u00e9couvrir sans cesse des possibilit\u00e9s infinies gr\u00e2ce au tour \u00e0 bois.<\/p>\n\n\n\n<p>Je n&rsquo;ai pas de stock, ni boutique et ne fonctionne que suivant vos id\u00e9es et vos envies.<\/p>\n\n\n\n<p>Partons ensemble de ce dont vous r\u00eavez, \u00e0 partir d&rsquo;un croquis, une id\u00e9e ou un objet qui vous plait et nous le validons ensemble avec le choix de l&rsquo;essence du bois ainsi que la finition.<\/p>\n\n\n\n<p><\/p>\n\n\n<div class=\"wp-block-image\">\n<figure class=\"aligncenter size-large is-resized\"><img loading=\"lazy\" decoding=\"async\" width=\"1024\" height=\"768\" src=\"https:\/\/latelierdesrevesxmbois.fr\/wp-content\/uploads\/2023\/04\/IMG_20230401_174631-1024x768.jpg\" alt=\"\" class=\"wp-image-240\" style=\"width:512px;height:384px\" srcset=\"https:\/\/latelierdesrevesxmbois.fr\/wp-content\/uploads\/2023\/04\/IMG_20230401_174631-1024x768.jpg 1024w, https:\/\/latelierdesrevesxmbois.fr\/wp-content\/uploads\/2023\/04\/IMG_20230401_174631-300x225.jpg 300w, https:\/\/latelierdesrevesxmbois.fr\/wp-content\/uploads\/2023\/04\/IMG_20230401_174631-768x576.jpg 768w, https:\/\/latelierdesrevesxmbois.fr\/wp-content\/uploads\/2023\/04\/IMG_20230401_174631-1536x1152.jpg 1536w, https:\/\/latelierdesrevesxmbois.fr\/wp-content\/uploads\/2023\/04\/IMG_20230401_174631-2048x1535.jpg 2048w, https:\/\/latelierdesrevesxmbois.fr\/wp-content\/uploads\/2023\/04\/IMG_20230401_174631-400x300.jpg 400w\" sizes=\"auto, (max-width: 1024px) 100vw, 1024px\" \/><\/figure><\/div>","protected":false},"excerpt":{"rendered":"<p>Xavier Martin, \u00e9b\u00e9niste Autodidacte passionn\u00e9 par le travail du bois, j\u2019aime penser et cr\u00e9er toutes sortes de r\u00e9alisations. Cr\u00e9er du mobilier, des objets utiles et &hellip;<\/p>\n","protected":false},"author":1,"featured_media":0,"parent":0,"menu_order":2,"comment_status":"closed","ping_status":"closed","template":"","meta":{"footnotes":""},"class_list":["post-42","page","type-page","status-publish","hentry"],"yoast_head":"<!-- This site is optimized with the Yoast SEO plugin v25.0 - https:\/\/yoast.com\/wordpress\/plugins\/seo\/ -->\n<title>Qui suis-je? - L&#039;atelier des r\u00eaves de XMBois<\/title>\n<meta name=\"description\" content=\"Eb\u00e9niste, je fais aussi du tournage sur bois, des objets divers en bois. Vous r\u00eavez d&#039;un article en bois, alors ne vous privez plus.\" \/>\n<meta name=\"robots\" content=\"index, follow, max-snippet:-1, max-image-preview:large, max-video-preview:-1\" \/>\n<link rel=\"canonical\" href=\"https:\/\/latelierdesrevesxmbois.fr\/\" \/>\n<meta property=\"og:locale\" content=\"fr_FR\" \/>\n<meta property=\"og:type\" content=\"article\" \/>\n<meta property=\"og:title\" content=\"Qui suis-je? - L&#039;atelier des r\u00eaves de XMBois\" \/>\n<meta property=\"og:description\" content=\"Eb\u00e9niste, je fais aussi du tournage sur bois, des objets divers en bois. Vous r\u00eavez d&#039;un article en bois, alors ne vous privez plus.\" \/>\n<meta property=\"og:url\" content=\"https:\/\/latelierdesrevesxmbois.fr\/\" \/>\n<meta property=\"og:site_name\" content=\"L&#039;atelier des r\u00eaves de XMBois\" \/>\n<meta property=\"article:modified_time\" content=\"2024-05-20T14:58:54+00:00\" \/>\n<meta property=\"og:image\" content=\"https:\/\/latelierdesrevesxmbois.fr\/wp-content\/uploads\/2023\/04\/IMG_20230401_174631-1024x768.jpg\" \/>\n<meta name=\"twitter:card\" content=\"summary_large_image\" \/>\n<meta name=\"twitter:label1\" content=\"Dur\u00e9e de lecture estim\u00e9e\" \/>\n\t<meta name=\"twitter:data1\" content=\"1 minute\" \/>\n<script type=\"application\/ld+json\" class=\"yoast-schema-graph\">{\"@context\":\"https:\/\/schema.org\",\"@graph\":[{\"@type\":\"WebPage\",\"@id\":\"https:\/\/latelierdesrevesxmbois.fr\/\",\"url\":\"https:\/\/latelierdesrevesxmbois.fr\/\",\"name\":\"Qui suis-je? - L&#039;atelier des r\u00eaves de XMBois\",\"isPartOf\":{\"@id\":\"https:\/\/latelierdesrevesxmbois.fr\/#website\"},\"primaryImageOfPage\":{\"@id\":\"https:\/\/latelierdesrevesxmbois.fr\/#primaryimage\"},\"image\":{\"@id\":\"https:\/\/latelierdesrevesxmbois.fr\/#primaryimage\"},\"thumbnailUrl\":\"https:\/\/latelierdesrevesxmbois.fr\/wp-content\/uploads\/2023\/04\/IMG_20230401_174631-1024x768.jpg\",\"datePublished\":\"2022-11-06T10:50:37+00:00\",\"dateModified\":\"2024-05-20T14:58:54+00:00\",\"description\":\"Eb\u00e9niste, je fais aussi du tournage sur bois, des objets divers en bois. Vous r\u00eavez d'un article en bois, alors ne vous privez plus.\",\"breadcrumb\":{\"@id\":\"https:\/\/latelierdesrevesxmbois.fr\/#breadcrumb\"},\"inLanguage\":\"fr-FR\",\"potentialAction\":[{\"@type\":\"ReadAction\",\"target\":[\"https:\/\/latelierdesrevesxmbois.fr\/\"]}]},{\"@type\":\"ImageObject\",\"inLanguage\":\"fr-FR\",\"@id\":\"https:\/\/latelierdesrevesxmbois.fr\/#primaryimage\",\"url\":\"https:\/\/latelierdesrevesxmbois.fr\/wp-content\/uploads\/2023\/04\/IMG_20230401_174631-scaled.jpg\",\"contentUrl\":\"https:\/\/latelierdesrevesxmbois.fr\/wp-content\/uploads\/2023\/04\/IMG_20230401_174631-scaled.jpg\",\"width\":2560,\"height\":1919},{\"@type\":\"BreadcrumbList\",\"@id\":\"https:\/\/latelierdesrevesxmbois.fr\/#breadcrumb\",\"itemListElement\":[{\"@type\":\"ListItem\",\"position\":1,\"name\":\"Accueil\",\"item\":\"https:\/\/latelierdesrevesxmbois.fr\/\"},{\"@type\":\"ListItem\",\"position\":2,\"name\":\"Qui suis-je?\"}]},{\"@type\":\"WebSite\",\"@id\":\"https:\/\/latelierdesrevesxmbois.fr\/#website\",\"url\":\"https:\/\/latelierdesrevesxmbois.fr\/\",\"name\":\"L'atelier des r\u00eaves de XMBois\",\"description\":\"Le bois, bien plus qu&#039;une envie : une passion\",\"publisher\":{\"@id\":\"https:\/\/latelierdesrevesxmbois.fr\/#organization\"},\"potentialAction\":[{\"@type\":\"SearchAction\",\"target\":{\"@type\":\"EntryPoint\",\"urlTemplate\":\"https:\/\/latelierdesrevesxmbois.fr\/?s={search_term_string}\"},\"query-input\":{\"@type\":\"PropertyValueSpecification\",\"valueRequired\":true,\"valueName\":\"search_term_string\"}}],\"inLanguage\":\"fr-FR\"},{\"@type\":\"Organization\",\"@id\":\"https:\/\/latelierdesrevesxmbois.fr\/#organization\",\"name\":\"L'atelier des r\u00eaves de XMBois\",\"url\":\"https:\/\/latelierdesrevesxmbois.fr\/\",\"logo\":{\"@type\":\"ImageObject\",\"inLanguage\":\"fr-FR\",\"@id\":\"https:\/\/latelierdesrevesxmbois.fr\/#\/schema\/logo\/image\/\",\"url\":\"https:\/\/latelierdesrevesxmbois.fr\/wp-content\/uploads\/2022\/11\/cropped-L-atelier-des-reves1.png\",\"contentUrl\":\"https:\/\/latelierdesrevesxmbois.fr\/wp-content\/uploads\/2022\/11\/cropped-L-atelier-des-reves1.png\",\"width\":435,\"height\":187,\"caption\":\"L'atelier des r\u00eaves de XMBois\"},\"image\":{\"@id\":\"https:\/\/latelierdesrevesxmbois.fr\/#\/schema\/logo\/image\/\"}}]}<\/script>\n<!-- \/ Yoast SEO plugin. -->","yoast_head_json":{"title":"Qui suis-je? - L&#039;atelier des r\u00eaves de XMBois","description":"Eb\u00e9niste, je fais aussi du tournage sur bois, des objets divers en bois. Vous r\u00eavez d'un article en bois, alors ne vous privez plus.","robots":{"index":"index","follow":"follow","max-snippet":"max-snippet:-1","max-image-preview":"max-image-preview:large","max-video-preview":"max-video-preview:-1"},"canonical":"https:\/\/latelierdesrevesxmbois.fr\/","og_locale":"fr_FR","og_type":"article","og_title":"Qui suis-je? - L&#039;atelier des r\u00eaves de XMBois","og_description":"Eb\u00e9niste, je fais aussi du tournage sur bois, des objets divers en bois. Vous r\u00eavez d'un article en bois, alors ne vous privez plus.","og_url":"https:\/\/latelierdesrevesxmbois.fr\/","og_site_name":"L&#039;atelier des r\u00eaves de XMBois","article_modified_time":"2024-05-20T14:58:54+00:00","og_image":[{"url":"https:\/\/latelierdesrevesxmbois.fr\/wp-content\/uploads\/2023\/04\/IMG_20230401_174631-1024x768.jpg","type":"","width":"","height":""}],"twitter_card":"summary_large_image","twitter_misc":{"Dur\u00e9e de lecture estim\u00e9e":"1 minute"},"schema":{"@context":"https:\/\/schema.org","@graph":[{"@type":"WebPage","@id":"https:\/\/latelierdesrevesxmbois.fr\/","url":"https:\/\/latelierdesrevesxmbois.fr\/","name":"Qui suis-je? - L&#039;atelier des r\u00eaves de XMBois","isPartOf":{"@id":"https:\/\/latelierdesrevesxmbois.fr\/#website"},"primaryImageOfPage":{"@id":"https:\/\/latelierdesrevesxmbois.fr\/#primaryimage"},"image":{"@id":"https:\/\/latelierdesrevesxmbois.fr\/#primaryimage"},"thumbnailUrl":"https:\/\/latelierdesrevesxmbois.fr\/wp-content\/uploads\/2023\/04\/IMG_20230401_174631-1024x768.jpg","datePublished":"2022-11-06T10:50:37+00:00","dateModified":"2024-05-20T14:58:54+00:00","description":"Eb\u00e9niste, je fais aussi du tournage sur bois, des objets divers en bois. Vous r\u00eavez d'un article en bois, alors ne vous privez plus.","breadcrumb":{"@id":"https:\/\/latelierdesrevesxmbois.fr\/#breadcrumb"},"inLanguage":"fr-FR","potentialAction":[{"@type":"ReadAction","target":["https:\/\/latelierdesrevesxmbois.fr\/"]}]},{"@type":"ImageObject","inLanguage":"fr-FR","@id":"https:\/\/latelierdesrevesxmbois.fr\/#primaryimage","url":"https:\/\/latelierdesrevesxmbois.fr\/wp-content\/uploads\/2023\/04\/IMG_20230401_174631-scaled.jpg","contentUrl":"https:\/\/latelierdesrevesxmbois.fr\/wp-content\/uploads\/2023\/04\/IMG_20230401_174631-scaled.jpg","width":2560,"height":1919},{"@type":"BreadcrumbList","@id":"https:\/\/latelierdesrevesxmbois.fr\/#breadcrumb","itemListElement":[{"@type":"ListItem","position":1,"name":"Accueil","item":"https:\/\/latelierdesrevesxmbois.fr\/"},{"@type":"ListItem","position":2,"name":"Qui suis-je?"}]},{"@type":"WebSite","@id":"https:\/\/latelierdesrevesxmbois.fr\/#website","url":"https:\/\/latelierdesrevesxmbois.fr\/","name":"L'atelier des r\u00eaves de XMBois","description":"Le bois, bien plus qu&#039;une envie : une passion","publisher":{"@id":"https:\/\/latelierdesrevesxmbois.fr\/#organization"},"potentialAction":[{"@type":"SearchAction","target":{"@type":"EntryPoint","urlTemplate":"https:\/\/latelierdesrevesxmbois.fr\/?s={search_term_string}"},"query-input":{"@type":"PropertyValueSpecification","valueRequired":true,"valueName":"search_term_string"}}],"inLanguage":"fr-FR"},{"@type":"Organization","@id":"https:\/\/latelierdesrevesxmbois.fr\/#organization","name":"L'atelier des r\u00eaves de XMBois","url":"https:\/\/latelierdesrevesxmbois.fr\/","logo":{"@type":"ImageObject","inLanguage":"fr-FR","@id":"https:\/\/latelierdesrevesxmbois.fr\/#\/schema\/logo\/image\/","url":"https:\/\/latelierdesrevesxmbois.fr\/wp-content\/uploads\/2022\/11\/cropped-L-atelier-des-reves1.png","contentUrl":"https:\/\/latelierdesrevesxmbois.fr\/wp-content\/uploads\/2022\/11\/cropped-L-atelier-des-reves1.png","width":435,"height":187,"caption":"L'atelier des r\u00eaves de XMBois"},"image":{"@id":"https:\/\/latelierdesrevesxmbois.fr\/#\/schema\/logo\/image\/"}}]}},"_links":{"self":[{"href":"https:\/\/latelierdesrevesxmbois.fr\/index.php\/wp-json\/wp\/v2\/pages\/42","targetHints":{"allow":["GET"]}}],"collection":[{"href":"https:\/\/latelierdesrevesxmbois.fr\/index.php\/wp-json\/wp\/v2\/pages"}],"about":[{"href":"https:\/\/latelierdesrevesxmbois.fr\/index.php\/wp-json\/wp\/v2\/types\/page"}],"author":[{"embeddable":true,"href":"https:\/\/latelierdesrevesxmbois.fr\/index.php\/wp-json\/wp\/v2\/users\/1"}],"replies":[{"embeddable":true,"href":"https:\/\/latelierdesrevesxmbois.fr\/index.php\/wp-json\/wp\/v2\/comments?post=42"}],"version-history":[{"count":6,"href":"https:\/\/latelierdesrevesxmbois.fr\/index.php\/wp-json\/wp\/v2\/pages\/42\/revisions"}],"predecessor-version":[{"id":314,"href":"https:\/\/latelierdesrevesxmbois.fr\/index.php\/wp-json\/wp\/v2\/pages\/42\/revisions\/314"}],"wp:attachment":[{"href":"https:\/\/latelierdesrevesxmbois.fr\/index.php\/wp-json\/wp\/v2\/media?parent=42"}],"curies":[{"name":"wp","href":"https:\/\/api.w.org\/{rel}","templated":true}]}}