{"id":63,"date":"2022-11-06T12:36:49","date_gmt":"2022-11-06T11:36:49","guid":{"rendered":"http:\/\/latelierdesrevesxmbois.fr\/?page_id=63"},"modified":"2024-02-11T11:16:15","modified_gmt":"2024-02-11T10:16:15","slug":"agencement","status":"publish","type":"page","link":"https:\/\/latelierdesrevesxmbois.fr\/index.php\/realisations\/agencement\/","title":{"rendered":"Agencement"},"content":{"rendered":"\n<p>\u00c9tag\u00e8res <\/p>\n\n\n\n<div class=\"wp-block-columns is-layout-flex wp-container-core-columns-is-layout-9d6595d7 wp-block-columns-is-layout-flex\">\n<div class=\"wp-block-column is-layout-flow wp-block-column-is-layout-flow\">\n<figure class=\"wp-block-image size-large\"><img loading=\"lazy\" decoding=\"async\" width=\"690\" height=\"1024\" src=\"https:\/\/latelierdesrevesxmbois.fr\/wp-content\/uploads\/2022\/11\/etagere-1-690x1024.jpg\" alt=\"\" class=\"wp-image-64\" srcset=\"https:\/\/latelierdesrevesxmbois.fr\/wp-content\/uploads\/2022\/11\/etagere-1-690x1024.jpg 690w, https:\/\/latelierdesrevesxmbois.fr\/wp-content\/uploads\/2022\/11\/etagere-1-202x300.jpg 202w, https:\/\/latelierdesrevesxmbois.fr\/wp-content\/uploads\/2022\/11\/etagere-1-768x1141.jpg 768w, https:\/\/latelierdesrevesxmbois.fr\/wp-content\/uploads\/2022\/11\/etagere-1.jpg 907w\" sizes=\"auto, (max-width: 690px) 100vw, 690px\" \/><\/figure>\n\n\n\n<figure class=\"wp-block-image size-full\"><img loading=\"lazy\" decoding=\"async\" width=\"1024\" height=\"577\" src=\"https:\/\/latelierdesrevesxmbois.fr\/wp-content\/uploads\/2024\/02\/image.png\" alt=\"\" class=\"wp-image-310\" srcset=\"https:\/\/latelierdesrevesxmbois.fr\/wp-content\/uploads\/2024\/02\/image.png 1024w, https:\/\/latelierdesrevesxmbois.fr\/wp-content\/uploads\/2024\/02\/image-300x169.png 300w, https:\/\/latelierdesrevesxmbois.fr\/wp-content\/uploads\/2024\/02\/image-768x433.png 768w, https:\/\/latelierdesrevesxmbois.fr\/wp-content\/uploads\/2024\/02\/image-532x300.png 532w\" sizes=\"auto, (max-width: 1024px) 100vw, 1024px\" \/><\/figure>\n<\/div>\n\n\n\n<div class=\"wp-block-column is-layout-flow wp-block-column-is-layout-flow\"><div class=\"wp-block-image\">\n<figure class=\"alignleft size-full\"><img loading=\"lazy\" decoding=\"async\" width=\"768\" height=\"1024\" src=\"https:\/\/latelierdesrevesxmbois.fr\/wp-content\/uploads\/2024\/02\/IMG_20240211_1059591.jpg\" alt=\"\" class=\"wp-image-308\" srcset=\"https:\/\/latelierdesrevesxmbois.fr\/wp-content\/uploads\/2024\/02\/IMG_20240211_1059591.jpg 768w, https:\/\/latelierdesrevesxmbois.fr\/wp-content\/uploads\/2024\/02\/IMG_20240211_1059591-225x300.jpg 225w\" sizes=\"auto, (max-width: 768px) 100vw, 768px\" \/><\/figure><\/div>\n\n<div class=\"wp-block-image\">\n<figure class=\"alignright size-full\"><img loading=\"lazy\" decoding=\"async\" width=\"768\" height=\"1024\" src=\"https:\/\/latelierdesrevesxmbois.fr\/wp-content\/uploads\/2024\/02\/IMG_20240211_1059521.jpg\" alt=\"\" class=\"wp-image-309\" srcset=\"https:\/\/latelierdesrevesxmbois.fr\/wp-content\/uploads\/2024\/02\/IMG_20240211_1059521.jpg 768w, https:\/\/latelierdesrevesxmbois.fr\/wp-content\/uploads\/2024\/02\/IMG_20240211_1059521-225x300.jpg 225w\" sizes=\"auto, (max-width: 768px) 100vw, 768px\" \/><\/figure><\/div><\/div>\n<\/div>\n\n\n\n<p>Habillage bassin<\/p>\n\n\n\n<figure class=\"wp-block-image size-large\"><img loading=\"lazy\" decoding=\"async\" width=\"1024\" height=\"784\" src=\"https:\/\/latelierdesrevesxmbois.fr\/wp-content\/uploads\/2022\/11\/bassin-1024x784.jpg\" alt=\"\" class=\"wp-image-72\" srcset=\"https:\/\/latelierdesrevesxmbois.fr\/wp-content\/uploads\/2022\/11\/bassin-1024x784.jpg 1024w, https:\/\/latelierdesrevesxmbois.fr\/wp-content\/uploads\/2022\/11\/bassin-300x230.jpg 300w, https:\/\/latelierdesrevesxmbois.fr\/wp-content\/uploads\/2022\/11\/bassin-768x588.jpg 768w, https:\/\/latelierdesrevesxmbois.fr\/wp-content\/uploads\/2022\/11\/bassin-1536x1176.jpg 1536w, https:\/\/latelierdesrevesxmbois.fr\/wp-content\/uploads\/2022\/11\/bassin-392x300.jpg 392w, https:\/\/latelierdesrevesxmbois.fr\/wp-content\/uploads\/2022\/11\/bassin.jpg 1668w\" sizes=\"auto, (max-width: 1024px) 100vw, 1024px\" \/><\/figure>\n\n\n\n<p><\/p>\n\n\n\n<p>Porte manteau<\/p>\n\n\n\n<figure class=\"wp-block-image\"><img loading=\"lazy\" decoding=\"async\" width=\"574\" height=\"980\" src=\"https:\/\/latelierdesrevesxmbois.fr\/wp-content\/uploads\/2022\/11\/agencement-2.jpg\" alt=\"Porte manteau\" class=\"wp-image-60\" srcset=\"https:\/\/latelierdesrevesxmbois.fr\/wp-content\/uploads\/2022\/11\/agencement-2.jpg 574w, https:\/\/latelierdesrevesxmbois.fr\/wp-content\/uploads\/2022\/11\/agencement-2-176x300.jpg 176w\" sizes=\"auto, (max-width: 574px) 100vw, 574px\" \/><\/figure>\n\n\n\n<p>Support multim\u00e9dia<\/p>\n\n\n\n<div class=\"wp-block-columns is-layout-flex wp-container-core-columns-is-layout-9d6595d7 wp-block-columns-is-layout-flex\">\n<div class=\"wp-block-column is-layout-flow wp-block-column-is-layout-flow\" style=\"flex-basis:100%\">\n<div class=\"wp-block-group\"><div class=\"wp-block-group__inner-container is-layout-constrained wp-block-group-is-layout-constrained\">\n<div class=\"wp-block-columns is-layout-flex wp-container-core-columns-is-layout-9d6595d7 wp-block-columns-is-layout-flex\">\n<div class=\"wp-block-column is-layout-flow wp-block-column-is-layout-flow\">\n<figure class=\"wp-block-image size-large\"><img loading=\"lazy\" decoding=\"async\" width=\"768\" height=\"1024\" src=\"https:\/\/latelierdesrevesxmbois.fr\/wp-content\/uploads\/2022\/11\/image8-768x1024.jpeg\" alt=\"\" class=\"wp-image-171\" srcset=\"https:\/\/latelierdesrevesxmbois.fr\/wp-content\/uploads\/2022\/11\/image8-768x1024.jpeg 768w, https:\/\/latelierdesrevesxmbois.fr\/wp-content\/uploads\/2022\/11\/image8-225x300.jpeg 225w, https:\/\/latelierdesrevesxmbois.fr\/wp-content\/uploads\/2022\/11\/image8-1152x1536.jpeg 1152w, https:\/\/latelierdesrevesxmbois.fr\/wp-content\/uploads\/2022\/11\/image8-rotated.jpeg 1512w\" sizes=\"auto, (max-width: 768px) 100vw, 768px\" \/><\/figure>\n<\/div>\n\n\n\n<div class=\"wp-block-column is-layout-flow wp-block-column-is-layout-flow\">\n<figure class=\"wp-block-image size-large is-resized\"><img loading=\"lazy\" decoding=\"async\" width=\"1024\" height=\"768\" src=\"https:\/\/latelierdesrevesxmbois.fr\/wp-content\/uploads\/2022\/11\/image1-2-1024x768.jpeg\" alt=\"\" class=\"wp-image-170\" style=\"width:391px;height:293px\" srcset=\"https:\/\/latelierdesrevesxmbois.fr\/wp-content\/uploads\/2022\/11\/image1-2-1024x768.jpeg 1024w, https:\/\/latelierdesrevesxmbois.fr\/wp-content\/uploads\/2022\/11\/image1-2-300x225.jpeg 300w, https:\/\/latelierdesrevesxmbois.fr\/wp-content\/uploads\/2022\/11\/image1-2-768x576.jpeg 768w, https:\/\/latelierdesrevesxmbois.fr\/wp-content\/uploads\/2022\/11\/image1-2-1536x1152.jpeg 1536w, https:\/\/latelierdesrevesxmbois.fr\/wp-content\/uploads\/2022\/11\/image1-2-400x300.jpeg 400w, https:\/\/latelierdesrevesxmbois.fr\/wp-content\/uploads\/2022\/11\/image1-2.jpeg 2016w\" sizes=\"auto, (max-width: 1024px) 100vw, 1024px\" \/><\/figure>\n<\/div>\n\n\n\n<div class=\"wp-block-column is-layout-flow wp-block-column-is-layout-flow\">\n<figure class=\"wp-block-image size-large\"><img loading=\"lazy\" decoding=\"async\" width=\"768\" height=\"1024\" src=\"https:\/\/latelierdesrevesxmbois.fr\/wp-content\/uploads\/2022\/11\/image2-768x1024.jpeg\" alt=\"\" class=\"wp-image-172\" srcset=\"https:\/\/latelierdesrevesxmbois.fr\/wp-content\/uploads\/2022\/11\/image2-768x1024.jpeg 768w, https:\/\/latelierdesrevesxmbois.fr\/wp-content\/uploads\/2022\/11\/image2-225x300.jpeg 225w, https:\/\/latelierdesrevesxmbois.fr\/wp-content\/uploads\/2022\/11\/image2-rotated.jpeg 960w\" sizes=\"auto, (max-width: 768px) 100vw, 768px\" \/><\/figure>\n<\/div>\n<\/div>\n<\/div><\/div>\n<\/div>\n<\/div>\n\n\n\n<p>Boite pour rangement de flacons d&rsquo;huiles essentielles<\/p>\n\n\n\n<figure class=\"wp-block-image alignleft size-large is-resized\"><a href=\"https:\/\/letempsdelamehour.wixsite.com\/website\"><img loading=\"lazy\" decoding=\"async\" width=\"1024\" height=\"661\" src=\"https:\/\/latelierdesrevesxmbois.fr\/wp-content\/uploads\/2023\/04\/boite-huiles-2-1024x661.jpg\" alt=\"Boite de rangement pour huiles essentielles\n\" class=\"wp-image-220\" style=\"width:512px;height:331px\" srcset=\"https:\/\/latelierdesrevesxmbois.fr\/wp-content\/uploads\/2023\/04\/boite-huiles-2-1024x661.jpg 1024w, https:\/\/latelierdesrevesxmbois.fr\/wp-content\/uploads\/2023\/04\/boite-huiles-2-300x194.jpg 300w, https:\/\/latelierdesrevesxmbois.fr\/wp-content\/uploads\/2023\/04\/boite-huiles-2-768x496.jpg 768w, https:\/\/latelierdesrevesxmbois.fr\/wp-content\/uploads\/2023\/04\/boite-huiles-2-1536x991.jpg 1536w, https:\/\/latelierdesrevesxmbois.fr\/wp-content\/uploads\/2023\/04\/boite-huiles-2-2048x1322.jpg 2048w, https:\/\/latelierdesrevesxmbois.fr\/wp-content\/uploads\/2023\/04\/boite-huiles-2-465x300.jpg 465w\" sizes=\"auto, (max-width: 1024px) 100vw, 1024px\" \/><\/a><figcaption class=\"wp-element-caption\">Besoin de bien \u00eatre, cliquez sur l&rsquo;image &#8230;<\/figcaption><\/figure>\n\n\n<div class=\"wp-block-image\">\n<figure class=\"alignright size-large is-resized\"><img loading=\"lazy\" decoding=\"async\" width=\"950\" height=\"1024\" src=\"https:\/\/latelierdesrevesxmbois.fr\/wp-content\/uploads\/2023\/04\/boites-huiles-flacons-2-950x1024.jpg\" alt=\"\" class=\"wp-image-221\" style=\"width:475px;height:512px\" srcset=\"https:\/\/latelierdesrevesxmbois.fr\/wp-content\/uploads\/2023\/04\/boites-huiles-flacons-2-950x1024.jpg 950w, https:\/\/latelierdesrevesxmbois.fr\/wp-content\/uploads\/2023\/04\/boites-huiles-flacons-2-278x300.jpg 278w, https:\/\/latelierdesrevesxmbois.fr\/wp-content\/uploads\/2023\/04\/boites-huiles-flacons-2-768x828.jpg 768w, https:\/\/latelierdesrevesxmbois.fr\/wp-content\/uploads\/2023\/04\/boites-huiles-flacons-2-1425x1536.jpg 1425w, https:\/\/latelierdesrevesxmbois.fr\/wp-content\/uploads\/2023\/04\/boites-huiles-flacons-2-1900x2048.jpg 1900w\" sizes=\"auto, (max-width: 950px) 100vw, 950px\" \/><\/figure><\/div>\n\n\n<p><\/p>\n\n\n\n<p><\/p>\n\n\n\n<p><\/p>\n\n\n\n<p><\/p>\n\n\n\n<p><\/p>\n\n\n\n<p><\/p>\n\n\n\n<p><\/p>\n\n\n\n<p><\/p>\n\n\n\n<p><\/p>\n\n\n\n<p><\/p>\n\n\n\n<p><\/p>\n\n\n\n<p><\/p>\n\n\n\n<p><\/p>\n\n\n\n<p><\/p>\n\n\n\n<p><\/p>\n\n\n\n<p><\/p>\n\n\n\n<p><\/p>\n\n\n\n<p><\/p>\n\n\n\n<p><\/p>\n\n\n\n<p><\/p>\n\n\n\n<p><\/p>\n\n\n\n<p>Portant vestimentaire<\/p>\n\n\n\n<figure class=\"wp-block-gallery has-nested-images columns-default is-cropped wp-block-gallery-1 is-layout-flex wp-block-gallery-is-layout-flex\">\n<figure class=\"wp-block-image size-large\"><img loading=\"lazy\" decoding=\"async\" width=\"1024\" height=\"1024\" data-id=\"259\" src=\"https:\/\/latelierdesrevesxmbois.fr\/wp-content\/uploads\/2023\/04\/image00000111-2-1024x1024.jpg\" alt=\"\" class=\"wp-image-259\" srcset=\"https:\/\/latelierdesrevesxmbois.fr\/wp-content\/uploads\/2023\/04\/image00000111-2-1024x1024.jpg 1024w, https:\/\/latelierdesrevesxmbois.fr\/wp-content\/uploads\/2023\/04\/image00000111-2-300x300.jpg 300w, https:\/\/latelierdesrevesxmbois.fr\/wp-content\/uploads\/2023\/04\/image00000111-2-150x150.jpg 150w, https:\/\/latelierdesrevesxmbois.fr\/wp-content\/uploads\/2023\/04\/image00000111-2-768x768.jpg 768w, https:\/\/latelierdesrevesxmbois.fr\/wp-content\/uploads\/2023\/04\/image00000111-2.jpg 1536w\" sizes=\"auto, (max-width: 1024px) 100vw, 1024px\" \/><\/figure>\n\n\n\n<figure class=\"wp-block-image size-large\"><img loading=\"lazy\" decoding=\"async\" width=\"1024\" height=\"1024\" data-id=\"258\" src=\"https:\/\/latelierdesrevesxmbois.fr\/wp-content\/uploads\/2023\/04\/image00000011-3-1024x1024.jpg\" alt=\"\" class=\"wp-image-258\" srcset=\"https:\/\/latelierdesrevesxmbois.fr\/wp-content\/uploads\/2023\/04\/image00000011-3-1024x1024.jpg 1024w, https:\/\/latelierdesrevesxmbois.fr\/wp-content\/uploads\/2023\/04\/image00000011-3-300x300.jpg 300w, https:\/\/latelierdesrevesxmbois.fr\/wp-content\/uploads\/2023\/04\/image00000011-3-150x150.jpg 150w, https:\/\/latelierdesrevesxmbois.fr\/wp-content\/uploads\/2023\/04\/image00000011-3-768x768.jpg 768w, https:\/\/latelierdesrevesxmbois.fr\/wp-content\/uploads\/2023\/04\/image00000011-3.jpg 1536w\" sizes=\"auto, (max-width: 1024px) 100vw, 1024px\" \/><\/figure>\n<figcaption class=\"blocks-gallery-caption wp-element-caption\">Vos affaires ne tra\u00eeneront plus n&rsquo;importe o\u00f9 avec ce portant personnalisable selon les besoins de chacun, chacune<\/figcaption><\/figure>\n\n\n\n<p><\/p>\n\n\n\n<figure class=\"wp-block-image size-full\"><img loading=\"lazy\" decoding=\"async\" width=\"585\" height=\"1024\" src=\"https:\/\/latelierdesrevesxmbois.fr\/wp-content\/uploads\/2023\/11\/IMG-20230922-WA00141.jpg\" alt=\"\" class=\"wp-image-297\" srcset=\"https:\/\/latelierdesrevesxmbois.fr\/wp-content\/uploads\/2023\/11\/IMG-20230922-WA00141.jpg 585w, https:\/\/latelierdesrevesxmbois.fr\/wp-content\/uploads\/2023\/11\/IMG-20230922-WA00141-171x300.jpg 171w\" sizes=\"auto, (max-width: 585px) 100vw, 585px\" \/><figcaption class=\"wp-element-caption\">Miroir, mon beau miroir&#8230;<\/figcaption><\/figure>\n","protected":false},"excerpt":{"rendered":"<p>\u00c9tag\u00e8res Habillage bassin Porte manteau Support multim\u00e9dia Boite pour rangement de flacons d&rsquo;huiles essentielles Portant vestimentaire<\/p>\n","protected":false},"author":1,"featured_media":0,"parent":47,"menu_order":3,"comment_status":"closed","ping_status":"closed","template":"","meta":{"footnotes":""},"class_list":["post-63","page","type-page","status-publish","hentry"],"yoast_head":"<!-- This site is optimized with the Yoast SEO plugin v25.0 - https:\/\/yoast.com\/wordpress\/plugins\/seo\/ -->\n<title>Agencement - L&#039;atelier des r\u00eaves de XMBois<\/title>\n<meta name=\"description\" content=\"Eb\u00e9nisterie, tournage sur bois, agencement, objets divers en bois. Vous r\u00eavez d&#039;un article en bois, alors ne vous privez plus.\" \/>\n<meta name=\"robots\" content=\"index, follow, max-snippet:-1, max-image-preview:large, max-video-preview:-1\" \/>\n<link rel=\"canonical\" href=\"https:\/\/latelierdesrevesxmbois.fr\/index.php\/realisations\/agencement\/\" \/>\n<meta property=\"og:locale\" content=\"fr_FR\" \/>\n<meta property=\"og:type\" content=\"article\" \/>\n<meta property=\"og:title\" content=\"Agencement - L&#039;atelier des r\u00eaves de XMBois\" \/>\n<meta property=\"og:description\" content=\"Eb\u00e9nisterie, tournage sur bois, agencement, objets divers en bois. Vous r\u00eavez d&#039;un article en bois, alors ne vous privez plus.\" \/>\n<meta property=\"og:url\" content=\"https:\/\/latelierdesrevesxmbois.fr\/index.php\/realisations\/agencement\/\" \/>\n<meta property=\"og:site_name\" content=\"L&#039;atelier des r\u00eaves de XMBois\" \/>\n<meta property=\"article:modified_time\" content=\"2024-02-11T10:16:15+00:00\" \/>\n<meta property=\"og:image\" content=\"http:\/\/latelierdesrevesxmbois.fr\/wp-content\/uploads\/2022\/11\/etagere-1-690x1024.jpg\" \/>\n<meta name=\"twitter:card\" content=\"summary_large_image\" \/>\n<meta name=\"twitter:label1\" content=\"Dur\u00e9e de lecture estim\u00e9e\" \/>\n\t<meta name=\"twitter:data1\" content=\"4 minutes\" \/>\n<script type=\"application\/ld+json\" class=\"yoast-schema-graph\">{\"@context\":\"https:\/\/schema.org\",\"@graph\":[{\"@type\":\"WebPage\",\"@id\":\"https:\/\/latelierdesrevesxmbois.fr\/index.php\/realisations\/agencement\/\",\"url\":\"https:\/\/latelierdesrevesxmbois.fr\/index.php\/realisations\/agencement\/\",\"name\":\"Agencement - L&#039;atelier des r\u00eaves de XMBois\",\"isPartOf\":{\"@id\":\"https:\/\/latelierdesrevesxmbois.fr\/#website\"},\"primaryImageOfPage\":{\"@id\":\"https:\/\/latelierdesrevesxmbois.fr\/index.php\/realisations\/agencement\/#primaryimage\"},\"image\":{\"@id\":\"https:\/\/latelierdesrevesxmbois.fr\/index.php\/realisations\/agencement\/#primaryimage\"},\"thumbnailUrl\":\"http:\/\/latelierdesrevesxmbois.fr\/wp-content\/uploads\/2022\/11\/etagere-1-690x1024.jpg\",\"datePublished\":\"2022-11-06T11:36:49+00:00\",\"dateModified\":\"2024-02-11T10:16:15+00:00\",\"description\":\"Eb\u00e9nisterie, tournage sur bois, agencement, objets divers en bois. Vous r\u00eavez d'un article en bois, alors ne vous privez plus.\",\"breadcrumb\":{\"@id\":\"https:\/\/latelierdesrevesxmbois.fr\/index.php\/realisations\/agencement\/#breadcrumb\"},\"inLanguage\":\"fr-FR\",\"potentialAction\":[{\"@type\":\"ReadAction\",\"target\":[\"https:\/\/latelierdesrevesxmbois.fr\/index.php\/realisations\/agencement\/\"]}]},{\"@type\":\"ImageObject\",\"inLanguage\":\"fr-FR\",\"@id\":\"https:\/\/latelierdesrevesxmbois.fr\/index.php\/realisations\/agencement\/#primaryimage\",\"url\":\"http:\/\/latelierdesrevesxmbois.fr\/wp-content\/uploads\/2022\/11\/etagere-1-690x1024.jpg\",\"contentUrl\":\"http:\/\/latelierdesrevesxmbois.fr\/wp-content\/uploads\/2022\/11\/etagere-1-690x1024.jpg\"},{\"@type\":\"BreadcrumbList\",\"@id\":\"https:\/\/latelierdesrevesxmbois.fr\/index.php\/realisations\/agencement\/#breadcrumb\",\"itemListElement\":[{\"@type\":\"ListItem\",\"position\":1,\"name\":\"Accueil\",\"item\":\"https:\/\/latelierdesrevesxmbois.fr\/\"},{\"@type\":\"ListItem\",\"position\":2,\"name\":\"R\u00e9alisations\",\"item\":\"https:\/\/latelierdesrevesxmbois.fr\/index.php\/realisations\/\"},{\"@type\":\"ListItem\",\"position\":3,\"name\":\"Agencement\"}]},{\"@type\":\"WebSite\",\"@id\":\"https:\/\/latelierdesrevesxmbois.fr\/#website\",\"url\":\"https:\/\/latelierdesrevesxmbois.fr\/\",\"name\":\"L'atelier des r\u00eaves de XMBois\",\"description\":\"Le bois, bien plus qu&#039;une envie : une passion\",\"publisher\":{\"@id\":\"https:\/\/latelierdesrevesxmbois.fr\/#organization\"},\"potentialAction\":[{\"@type\":\"SearchAction\",\"target\":{\"@type\":\"EntryPoint\",\"urlTemplate\":\"https:\/\/latelierdesrevesxmbois.fr\/?s={search_term_string}\"},\"query-input\":{\"@type\":\"PropertyValueSpecification\",\"valueRequired\":true,\"valueName\":\"search_term_string\"}}],\"inLanguage\":\"fr-FR\"},{\"@type\":\"Organization\",\"@id\":\"https:\/\/latelierdesrevesxmbois.fr\/#organization\",\"name\":\"L'atelier des r\u00eaves de XMBois\",\"url\":\"https:\/\/latelierdesrevesxmbois.fr\/\",\"logo\":{\"@type\":\"ImageObject\",\"inLanguage\":\"fr-FR\",\"@id\":\"https:\/\/latelierdesrevesxmbois.fr\/#\/schema\/logo\/image\/\",\"url\":\"https:\/\/latelierdesrevesxmbois.fr\/wp-content\/uploads\/2022\/11\/cropped-L-atelier-des-reves1.png\",\"contentUrl\":\"https:\/\/latelierdesrevesxmbois.fr\/wp-content\/uploads\/2022\/11\/cropped-L-atelier-des-reves1.png\",\"width\":435,\"height\":187,\"caption\":\"L'atelier des r\u00eaves de XMBois\"},\"image\":{\"@id\":\"https:\/\/latelierdesrevesxmbois.fr\/#\/schema\/logo\/image\/\"}}]}<\/script>\n<!-- \/ Yoast SEO plugin. -->","yoast_head_json":{"title":"Agencement - L&#039;atelier des r\u00eaves de XMBois","description":"Eb\u00e9nisterie, tournage sur bois, agencement, objets divers en bois. Vous r\u00eavez d'un article en bois, alors ne vous privez plus.","robots":{"index":"index","follow":"follow","max-snippet":"max-snippet:-1","max-image-preview":"max-image-preview:large","max-video-preview":"max-video-preview:-1"},"canonical":"https:\/\/latelierdesrevesxmbois.fr\/index.php\/realisations\/agencement\/","og_locale":"fr_FR","og_type":"article","og_title":"Agencement - L&#039;atelier des r\u00eaves de XMBois","og_description":"Eb\u00e9nisterie, tournage sur bois, agencement, objets divers en bois. Vous r\u00eavez d'un article en bois, alors ne vous privez plus.","og_url":"https:\/\/latelierdesrevesxmbois.fr\/index.php\/realisations\/agencement\/","og_site_name":"L&#039;atelier des r\u00eaves de XMBois","article_modified_time":"2024-02-11T10:16:15+00:00","og_image":[{"url":"http:\/\/latelierdesrevesxmbois.fr\/wp-content\/uploads\/2022\/11\/etagere-1-690x1024.jpg","type":"","width":"","height":""}],"twitter_card":"summary_large_image","twitter_misc":{"Dur\u00e9e de lecture estim\u00e9e":"4 minutes"},"schema":{"@context":"https:\/\/schema.org","@graph":[{"@type":"WebPage","@id":"https:\/\/latelierdesrevesxmbois.fr\/index.php\/realisations\/agencement\/","url":"https:\/\/latelierdesrevesxmbois.fr\/index.php\/realisations\/agencement\/","name":"Agencement - L&#039;atelier des r\u00eaves de XMBois","isPartOf":{"@id":"https:\/\/latelierdesrevesxmbois.fr\/#website"},"primaryImageOfPage":{"@id":"https:\/\/latelierdesrevesxmbois.fr\/index.php\/realisations\/agencement\/#primaryimage"},"image":{"@id":"https:\/\/latelierdesrevesxmbois.fr\/index.php\/realisations\/agencement\/#primaryimage"},"thumbnailUrl":"http:\/\/latelierdesrevesxmbois.fr\/wp-content\/uploads\/2022\/11\/etagere-1-690x1024.jpg","datePublished":"2022-11-06T11:36:49+00:00","dateModified":"2024-02-11T10:16:15+00:00","description":"Eb\u00e9nisterie, tournage sur bois, agencement, objets divers en bois. Vous r\u00eavez d'un article en bois, alors ne vous privez plus.","breadcrumb":{"@id":"https:\/\/latelierdesrevesxmbois.fr\/index.php\/realisations\/agencement\/#breadcrumb"},"inLanguage":"fr-FR","potentialAction":[{"@type":"ReadAction","target":["https:\/\/latelierdesrevesxmbois.fr\/index.php\/realisations\/agencement\/"]}]},{"@type":"ImageObject","inLanguage":"fr-FR","@id":"https:\/\/latelierdesrevesxmbois.fr\/index.php\/realisations\/agencement\/#primaryimage","url":"http:\/\/latelierdesrevesxmbois.fr\/wp-content\/uploads\/2022\/11\/etagere-1-690x1024.jpg","contentUrl":"http:\/\/latelierdesrevesxmbois.fr\/wp-content\/uploads\/2022\/11\/etagere-1-690x1024.jpg"},{"@type":"BreadcrumbList","@id":"https:\/\/latelierdesrevesxmbois.fr\/index.php\/realisations\/agencement\/#breadcrumb","itemListElement":[{"@type":"ListItem","position":1,"name":"Accueil","item":"https:\/\/latelierdesrevesxmbois.fr\/"},{"@type":"ListItem","position":2,"name":"R\u00e9alisations","item":"https:\/\/latelierdesrevesxmbois.fr\/index.php\/realisations\/"},{"@type":"ListItem","position":3,"name":"Agencement"}]},{"@type":"WebSite","@id":"https:\/\/latelierdesrevesxmbois.fr\/#website","url":"https:\/\/latelierdesrevesxmbois.fr\/","name":"L'atelier des r\u00eaves de XMBois","description":"Le bois, bien plus qu&#039;une envie : une passion","publisher":{"@id":"https:\/\/latelierdesrevesxmbois.fr\/#organization"},"potentialAction":[{"@type":"SearchAction","target":{"@type":"EntryPoint","urlTemplate":"https:\/\/latelierdesrevesxmbois.fr\/?s={search_term_string}"},"query-input":{"@type":"PropertyValueSpecification","valueRequired":true,"valueName":"search_term_string"}}],"inLanguage":"fr-FR"},{"@type":"Organization","@id":"https:\/\/latelierdesrevesxmbois.fr\/#organization","name":"L'atelier des r\u00eaves de XMBois","url":"https:\/\/latelierdesrevesxmbois.fr\/","logo":{"@type":"ImageObject","inLanguage":"fr-FR","@id":"https:\/\/latelierdesrevesxmbois.fr\/#\/schema\/logo\/image\/","url":"https:\/\/latelierdesrevesxmbois.fr\/wp-content\/uploads\/2022\/11\/cropped-L-atelier-des-reves1.png","contentUrl":"https:\/\/latelierdesrevesxmbois.fr\/wp-content\/uploads\/2022\/11\/cropped-L-atelier-des-reves1.png","width":435,"height":187,"caption":"L'atelier des r\u00eaves de XMBois"},"image":{"@id":"https:\/\/latelierdesrevesxmbois.fr\/#\/schema\/logo\/image\/"}}]}},"_links":{"self":[{"href":"https:\/\/latelierdesrevesxmbois.fr\/index.php\/wp-json\/wp\/v2\/pages\/63","targetHints":{"allow":["GET"]}}],"collection":[{"href":"https:\/\/latelierdesrevesxmbois.fr\/index.php\/wp-json\/wp\/v2\/pages"}],"about":[{"href":"https:\/\/latelierdesrevesxmbois.fr\/index.php\/wp-json\/wp\/v2\/types\/page"}],"author":[{"embeddable":true,"href":"https:\/\/latelierdesrevesxmbois.fr\/index.php\/wp-json\/wp\/v2\/users\/1"}],"replies":[{"embeddable":true,"href":"https:\/\/latelierdesrevesxmbois.fr\/index.php\/wp-json\/wp\/v2\/comments?post=63"}],"version-history":[{"count":14,"href":"https:\/\/latelierdesrevesxmbois.fr\/index.php\/wp-json\/wp\/v2\/pages\/63\/revisions"}],"predecessor-version":[{"id":311,"href":"https:\/\/latelierdesrevesxmbois.fr\/index.php\/wp-json\/wp\/v2\/pages\/63\/revisions\/311"}],"up":[{"embeddable":true,"href":"https:\/\/latelierdesrevesxmbois.fr\/index.php\/wp-json\/wp\/v2\/pages\/47"}],"wp:attachment":[{"href":"https:\/\/latelierdesrevesxmbois.fr\/index.php\/wp-json\/wp\/v2\/media?parent=63"}],"curies":[{"name":"wp","href":"https:\/\/api.w.org\/{rel}","templated":true}]}}